{"id":3373,"date":"2022-02-24T14:51:58","date_gmt":"2022-02-24T13:51:58","guid":{"rendered":"http:\/\/opcina-caglin.hr\/arhiva\/?page_id=3373"},"modified":"2022-02-24T15:42:17","modified_gmt":"2022-02-24T14:42:17","slug":"uspostava-reciklaznog-dvorista","status":"publish","type":"page","link":"https:\/\/opcina-caglin.hr\/arhiva\/uspostava-reciklaznog-dvorista\/","title":{"rendered":"Uspostava recikla\u017enog dvori\u0161ta"},"content":{"rendered":"\r\n<figure class=\"wp-block-image is-resized\"><img loading=\"lazy\" src=\"http:\/\/opcina-caglin.hr\/arhiva\/wp-content\/uploads\/2019\/07\/Elementi_vidljivosti-300x60.jpg\" alt=\"Elementi_vidljivosti\" width=\"562\" height=\"113\" \/><\/figure>\r\n\r\n\r\n\r\n<h3>NAZIV PROJEKTA:<\/h3>\r\n\r\n\r\n\r\n<h3>KK. 06.3.1.16.0072 &#8211; Uspostava recikla\u017enog dvori\u0161ta \u2013 mobilna jedinica u \u010caglinu<\/h3>\r\n\r\n\r\n\r\n<p><strong>KORISNIK:<\/strong><\/p>\r\n\r\n\r\n\r\n<p>Op\u0107ina \u010caglin, Kralja Tomislava<\/p>\r\n\r\n\r\n\r\n<p>56 E, 34350 \u010caglin<\/p>\r\n\r\n\r\n\r\n<p><strong>OPIS:<\/strong><\/p>\r\n\r\n\r\n\r\n<p><strong><em>Cilj:<\/em><\/strong><\/p>\r\n\r\n\r\n\r\n<p>Cilj projekta je doprinijeti smanjenju koli\u010dine CO2 i \u010duvanju prirodnih resursa uslijed mogu\u0107nosti recikliranja. Smanjenje koli\u010dine otpada koji se odla\u017ee na odlagali\u0161te i sprje\u010davanje odlaganja problemati\u010dnog otpada te glomaznog otpada u okoli\u0161 ili u spremnike za mije\u0161ani komunalni otpad.<\/p>\r\n\r\n\r\n\r\n<p><strong><em>Rezultati:<\/em><\/strong><\/p>\r\n\r\n\r\n\r\n<p>Provedbom projekta o\u010dekuje se pove\u0107anje stope odvojeno prikupljenoga komunalnoga otpada te smanjenje koli\u010dine otpada koji se odla\u017ee na odlagali\u0161te; prije svega otpadni papir, otpadno staklo, otpadna plastika, otpadni metal, otpadni tekstil, problemati\u010dni otpad, krupni (glomazni) otpad i dr.<\/p>\r\n\r\n\r\n\r\n<p>Projektom \u0107e se:<\/p>\r\n\r\n\r\n\r\n<ul>\r\n<li>omogu\u0107iti stanovni\u0161tvu odlaganje svih vrsta otpada sukladno zakonu<\/li>\r\n<li>potaknuti i pove\u0107ati odvajanje otpada problemati\u010dnog otpada iz ku\u0107anstva te njegovu odgovaraju\u0107u<\/li>\r\n<\/ul>\r\n\r\n\r\n\r\n<p>\u00a0 \u00a0 \u00a0 \u00a0 \u00a0 \u00a0oporabu i zbrinjavanje,<\/p>\r\n\r\n\r\n\r\n<ul>\r\n<li>potaknuti i pove\u0107ati odvajanje i prikupljanje elektri\u010dnog i elektroni\u010dkog otpada \u010dime se izbjegava odbacivanje tog otpada u mije\u0161ani komunalni otpad,<\/li>\r\n<li>potaknuti i pove\u0107ati prikupljanje glomaznog otpada kao i otpada nastalog tijekom izvedbe manjih gra\u0111evinskih zahvata u ku\u0107anstvima \u010dime se izbjegava odbacivanje tog otpada u mije\u0161ani komunalni otpad<\/li>\r\n<\/ul>\r\n\r\n\r\n\r\n<p><strong>UKUPNA VRIJEDNOST PROJEKTA: <\/strong>287.375,00 kn<\/p>\r\n\r\n\r\n\r\n<p><strong>IZNOS SUFINANCIRANJA EU: <\/strong>243.784,71 kn<\/p>\r\n\r\n\r\n\r\n<p><strong>RAZDOBLJE PROVEDBE PROJEKTA: <\/strong>od 23. velja\u010de 2021. do 23. velja\u010de 2022.<\/p>\r\n\r\n\r\n\r\n<h5><strong>KONTAKT OSOBE:<\/strong><\/h5>\r\n\r\n\r\n\r\n<p>Dalibor Barda\u010d, op\u0107inski na\u010delnik &#8211; <a href=\"mailto:info@opcina-caglin.hr\/arhiva\">info@opcina-caglin.hr\/arhiva<\/a><\/p>\r\n\r\n\r\n\r\n<p><a href=\"https:\/\/strukturnifondovi.hr\/\">https:\/\/strukturnifondovi.hr\/<\/a><\/p>\r\n\r\n\r\n\r\n<p><a href=\"https:\/\/strukturnifondovi.hr\/eu-fondovi\/esi-fondovi-2014-2020\/op-konkurentnost-i-kohezija\/\">https:\/\/strukturnifondovi.hr\/eu-fondovi\/esi-fondovi-2014-2020\/op-konkurentnost-i-kohezija\/<\/a><\/p>\r\n\r\n\r\n\r\n<p>&nbsp;<\/p>\r\n","protected":false},"excerpt":{"rendered":"<p>NAZIV PROJEKTA: KK. 06.3.1.16.0072 &#8211; Uspostava recikla\u017enog dvori\u0161ta \u2013 mobilna jedinica u \u010caglinu KORISNIK: Op\u0107ina \u010caglin, Kralja Tomislava 56 E, 34350 \u010caglin OPIS: Cilj: Cilj projekta je doprinijeti smanjenju koli\u010dine CO2 i \u010duvanju prirodnih resursa uslijed mogu\u0107nosti recikliranja. Smanjenje koli\u010dine otpada koji se odla\u017ee na odlagali\u0161te i sprje\u010davanje odlaganja problemati\u010dnog otpada te glomaznog otpada u [&hellip;]<\/p>\n","protected":false},"author":1,"featured_media":0,"parent":0,"menu_order":0,"comment_status":"closed","ping_status":"closed","template":"","meta":[],"_links":{"self":[{"href":"https:\/\/opcina-caglin.hr\/arhiva\/wp-json\/wp\/v2\/pages\/3373"}],"collection":[{"href":"https:\/\/opcina-caglin.hr\/arhiva\/wp-json\/wp\/v2\/pages"}],"about":[{"href":"https:\/\/opcina-caglin.hr\/arhiva\/wp-json\/wp\/v2\/types\/page"}],"author":[{"embeddable":true,"href":"https:\/\/opcina-caglin.hr\/arhiva\/wp-json\/wp\/v2\/users\/1"}],"replies":[{"embeddable":true,"href":"https:\/\/opcina-caglin.hr\/arhiva\/wp-json\/wp\/v2\/comments?post=3373"}],"version-history":[{"count":4,"href":"https:\/\/opcina-caglin.hr\/arhiva\/wp-json\/wp\/v2\/pages\/3373\/revisions"}],"predecessor-version":[{"id":3378,"href":"https:\/\/opcina-caglin.hr\/arhiva\/wp-json\/wp\/v2\/pages\/3373\/revisions\/3378"}],"wp:attachment":[{"href":"https:\/\/opcina-caglin.hr\/arhiva\/wp-json\/wp\/v2\/media?parent=3373"}],"curies":[{"name":"wp","href":"https:\/\/api.w.org\/{rel}","templated":true}]}}