{"id":2689,"date":"2020-10-30T15:09:01","date_gmt":"2020-10-30T14:09:01","guid":{"rendered":"http:\/\/opcina-caglin.hr\/arhiva\/?page_id=2689"},"modified":"2020-10-30T15:34:04","modified_gmt":"2020-10-30T14:34:04","slug":"pristupacnost-mrezne-web-stranice","status":"publish","type":"page","link":"http:\/\/opcina-caglin.hr\/arhiva\/pristupacnost-mrezne-web-stranice\/","title":{"rendered":"Pristupa\u010dnost mre\u017ene web stranice"},"content":{"rendered":"<p>Ovdje mo\u017eete preuzeti izjavu za:<\/p>\n<p><a href=\"http:\/\/opcina-caglin.hr\/arhiva\/wp-content\/uploads\/2020\/10\/\u010daglin.docx\">Pristupa\u010dnost mre\u017ene web stranice<\/a><\/p>\n<p>&nbsp;<\/p>\n","protected":false},"excerpt":{"rendered":"<p>Ovdje mo\u017eete preuzeti izjavu za: Pristupa\u010dnost mre\u017ene web stranice &nbsp;<\/p>\n","protected":false},"author":1,"featured_media":0,"parent":0,"menu_order":0,"comment_status":"closed","ping_status":"closed","template":"","meta":[],"_links":{"self":[{"href":"http:\/\/opcina-caglin.hr\/arhiva\/wp-json\/wp\/v2\/pages\/2689"}],"collection":[{"href":"http:\/\/opcina-caglin.hr\/arhiva\/wp-json\/wp\/v2\/pages"}],"about":[{"href":"http:\/\/opcina-caglin.hr\/arhiva\/wp-json\/wp\/v2\/types\/page"}],"author":[{"embeddable":true,"href":"http:\/\/opcina-caglin.hr\/arhiva\/wp-json\/wp\/v2\/users\/1"}],"replies":[{"embeddable":true,"href":"http:\/\/opcina-caglin.hr\/arhiva\/wp-json\/wp\/v2\/comments?post=2689"}],"version-history":[{"count":5,"href":"http:\/\/opcina-caglin.hr\/arhiva\/wp-json\/wp\/v2\/pages\/2689\/revisions"}],"predecessor-version":[{"id":2707,"href":"http:\/\/opcina-caglin.hr\/arhiva\/wp-json\/wp\/v2\/pages\/2689\/revisions\/2707"}],"wp:attachment":[{"href":"http:\/\/opcina-caglin.hr\/arhiva\/wp-json\/wp\/v2\/media?parent=2689"}],"curies":[{"name":"wp","href":"https:\/\/api.w.org\/{rel}","templated":true}]}}