{"id":1947,"date":"0201-01-31T12:15:07","date_gmt":"0201-01-31T10:53:07","guid":{"rendered":"http:\/\/opcina-caglin.hr\/arhiva\/?page_id=1947"},"modified":"2024-02-16T13:16:10","modified_gmt":"2024-02-16T12:16:10","slug":"programi-i-planovi","status":"publish","type":"page","link":"http:\/\/opcina-caglin.hr\/arhiva\/programi-i-planovi\/","title":{"rendered":"Programi i planovi"},"content":{"rendered":"<p>15.02.2024.<br \/>\n<a href=\"https:\/\/opcina-caglin.hr\/arhiva\/wp-content\/uploads\/2024\/02\/Godisnje-izvjesce-o-provedbi-provedbenog-progrma-Opcine-Caglin-za-2023_.docx\">Godi\u0161nje izvje\u0161\u0107e o provedbi provedbenog program Op\u0107ine \u010caglin za razdoblje od 1.1.2023. \u2013 31.12. 2023.<\/a><br \/>\n<a href=\"https:\/\/opcina-caglin.hr\/arhiva\/wp-content\/uploads\/2024\/02\/Prilog1.xlsx\">Tablica godi\u0161njeg izvje\u0161\u0107a o provedbi Provedbenog programa<\/a><\/p>\n<p>31.01.2023.<br \/>\n<a href=\"http:\/\/opcina-caglin.hr\/arhiva\/wp-content\/uploads\/2023\/02\/Godisnje-izvjesce-o-provedbi-provedbenog-progrma-Opcine-Caglin.docx\">Godi\u0161nje izvje\u0161\u0107e o provedbi provedbenog programa Op\u0107ine \u010caglin<\/a><br \/>\n<a href=\"http:\/\/opcina-caglin.hr\/arhiva\/wp-content\/uploads\/2023\/02\/Tablica-godisnjeg-izvjesca-o-provedbi-Provedbenog-programa.xlsx\">Tablica godi\u0161njeg izvje\u0161\u0107a o provedbi Provedbenog programa<\/a><\/p>\n<p><a href=\"http:\/\/opcina-caglin.hr\/arhiva\/wp-content\/uploads\/2023\/02\/PLAN-PRIJEMA-U-SLUZBU-2023..doc\">Plan prijema u slu\u017ebu 2023.<\/a><\/p>\n<p><a href=\"http:\/\/opcina-caglin.hr\/arhiva\/wp-content\/uploads\/2023\/02\/PLAN-KLASIFIKACIJSKIH-OZNAKA-2023..docx\">Plan klasifikacijskih oznaka 2023.<\/a><\/p>\n<p><a href=\"http:\/\/opcina-caglin.hr\/arhiva\/wp-content\/uploads\/2022\/08\/Polugodisnje-izvjesce-o-provedbi-provedbenog-progrma-Opcine-Caglin.docx\">Polugodi\u0161nje izvje\u0161\u0107e o provedbi provedbenog programa Op\u0107ine \u010caglin<\/a><\/p>\n<p><a href=\"http:\/\/opcina-caglin.hr\/arhiva\/wp-content\/uploads\/2022\/08\/Tablica-polugodisnje-izvjesce-o-provedbi-Provedbenog-programa-Opcine-Caglin-1.pdf\">Tablica- polugodi\u0161nje izvje\u0161\u0107e o provedbi Provedbenog programa Op\u0107ine \u010caglin\u00a0<\/a><\/p>\n<p><a href=\"http:\/\/opcina-caglin.hr\/arhiva\/wp-content\/uploads\/2022\/08\/Tablica-polugodisnje-izvjesce-o-provedbi-Provedbenog-programa-Opcine-Caglin.xlsx\">Tablica- polugodi\u0161nje izvje\u0161\u0107e o provedbi Provedbenog programa Op\u0107ine \u010caglin<\/a><\/p>\n<p><a href=\"http:\/\/opcina-caglin.hr\/arhiva\/wp-content\/uploads\/2021\/12\/Caglin-tekst-1.docx\">Provedbeni program Op\u0107ine \u010caglin<\/a><\/p>\n<p><a href=\"http:\/\/opcina-caglin.hr\/arhiva\/wp-content\/uploads\/2021\/12\/Caglin-Prilog.xlsx\">Provedbeni program Op\u0107ine \u010caglin &#8211; Prilog\u00a0<\/a><\/p>\n<p><a href=\"http:\/\/opcina-caglin.hr\/arhiva\/wp-content\/uploads\/2021\/12\/ODLUKA-O-DONOSENJU-PROVEDBENOG-PROGRAMA-_20211229_0001.pdf\">Odluka o dono\u0161enju provedbenog programa<\/a><\/p>\n<p><a href=\"http:\/\/opcina-caglin.hr\/arhiva\/wp-content\/uploads\/2021\/01\/PLAN-KLASIFIKACIJSKIH-OZNAKA-ZA-2021..doc\">Plan klasifikacijskih oznaka za 2021. godinu<\/a><\/p>\n<p><a href=\"http:\/\/opcina-caglin.hr\/arhiva\/wp-content\/uploads\/2021\/01\/Program_gradenja_komunalne_infrastrukture_u_2020.doc\">Program gra\u0111enja komunalne infrastrukture\u00a0 u 2020.<\/a><\/p>\n<p><a href=\"http:\/\/opcina-caglin.hr\/arhiva\/wp-content\/uploads\/2021\/01\/Program-odrzavanja-komunalne-infrastrukture-u-2021.godini.doc\">Program odr\u017eavanja komunalne infrastrukture\u00a0 u 2021.godini<\/a><\/p>\n<p><a href=\"http:\/\/opcina-caglin.hr\/arhiva\/wp-content\/uploads\/2021\/01\/Program_gradjenja_komunalne_infrastrukture_na_podrucju_opcine_Caglin_u_2021_godini.docx\">Program gra\u0111enja komunalne infrastrukture\u00a0 na podru\u010dju op\u0107ine \u010caglin u 2021.godini<\/a><\/p>\n<p><a href=\"http:\/\/opcina-caglin.hr\/arhiva\/wp-content\/uploads\/2021\/01\/Program_odrzavanja_objekata_komunalne_infrastrukture_u_2020-konacno-1.doc\">Program odr\u017eavanja objekata komunalne infrastrukture\u00a0 u 2020.<\/a><\/p>\n<p><a href=\"http:\/\/opcina-caglin.hr\/arhiva\/wp-content\/uploads\/2021\/01\/PROGRAM-JAVNIH-POTREBA-U-KULTURI-1-2020.-II-rebalans.doc\">Program javnih potreba u kulturi 1 2020. iskazan po II rebalansu<\/a><\/p>\n<p><a href=\"http:\/\/opcina-caglin.hr\/arhiva\/wp-content\/uploads\/2021\/01\/PROGRAM-JAVNIH-POTREBA-U-KULTURI-1-2021..doc\">Program javnih potreba u kulturi za 2021. godinu<\/a><\/p>\n<a href=\"http:\/\/opcina-caglin.hr\/arhiva\/wp-content\/uploads\/2019\/10\/PROCEDURA-STJECANJA-I-RASPOLAGANJA-NEKRETNINAMA-_20201029_0001-1.pdf\" class=\"pdfemb-viewer\" style=\"\" data-width=\"max\" data-height=\"max\"  data-toolbar=\"bottom\" data-toolbar-fixed=\"off\">PROCEDURA STJECANJA I RASPOLAGANJA NEKRETNINAMA _20201029_0001 (1)<br\/><\/a>\n<p><a href=\"http:\/\/opcina-caglin.hr\/arhiva\/wp-content\/uploads\/2020\/10\/Plan-upravljanja-imovinom-Op\u0107ine-\u010caglin-za-2020.-godinu-1.docx\">Plan-upravljanja-imovinom-Op\u0107ine-\u010caglin-za-2020.-godinu<\/a><\/p>\n<p><a href=\"http:\/\/opcina-caglin.hr\/arhiva\/wp-content\/uploads\/2019\/10\/Plan-upravljanja-imovinom-Op\u0107ine-\u010caglin-za-2019.-godinu.docx\">Plan upravljanja imovinom Op\u0107ine \u010caglin za 2019. godinu<\/a><\/p>\n","protected":false},"excerpt":{"rendered":"<p>15.02.2024. Godi\u0161nje izvje\u0161\u0107e o provedbi provedbenog program Op\u0107ine \u010caglin za razdoblje od 1.1.2023. \u2013 31.12. 2023. Tablica godi\u0161njeg izvje\u0161\u0107a o provedbi Provedbenog programa 31.01.2023. Godi\u0161nje izvje\u0161\u0107e o provedbi provedbenog programa Op\u0107ine \u010caglin Tablica godi\u0161njeg izvje\u0161\u0107a o provedbi Provedbenog programa Plan prijema u slu\u017ebu 2023. Plan klasifikacijskih oznaka 2023. Polugodi\u0161nje izvje\u0161\u0107e o provedbi provedbenog programa Op\u0107ine [&hellip;]<\/p>\n","protected":false},"author":1,"featured_media":0,"parent":0,"menu_order":0,"comment_status":"closed","ping_status":"closed","template":"","meta":[],"_links":{"self":[{"href":"http:\/\/opcina-caglin.hr\/arhiva\/wp-json\/wp\/v2\/pages\/1947"}],"collection":[{"href":"http:\/\/opcina-caglin.hr\/arhiva\/wp-json\/wp\/v2\/pages"}],"about":[{"href":"http:\/\/opcina-caglin.hr\/arhiva\/wp-json\/wp\/v2\/types\/page"}],"author":[{"embeddable":true,"href":"http:\/\/opcina-caglin.hr\/arhiva\/wp-json\/wp\/v2\/users\/1"}],"replies":[{"embeddable":true,"href":"http:\/\/opcina-caglin.hr\/arhiva\/wp-json\/wp\/v2\/comments?post=1947"}],"version-history":[{"count":6,"href":"http:\/\/opcina-caglin.hr\/arhiva\/wp-json\/wp\/v2\/pages\/1947\/revisions"}],"predecessor-version":[{"id":4208,"href":"http:\/\/opcina-caglin.hr\/arhiva\/wp-json\/wp\/v2\/pages\/1947\/revisions\/4208"}],"wp:attachment":[{"href":"http:\/\/opcina-caglin.hr\/arhiva\/wp-json\/wp\/v2\/media?parent=1947"}],"curies":[{"name":"wp","href":"https:\/\/api.w.org\/{rel}","templated":true}]}}