{"id":1665,"date":"2019-02-13T11:20:15","date_gmt":"2019-02-13T10:20:15","guid":{"rendered":"http:\/\/opcina-caglin.hr\/arhiva\/?page_id=1665"},"modified":"2019-02-13T11:57:48","modified_gmt":"2019-02-13T10:57:48","slug":"energetska-obnova-zgrade-drustveni-dom-sapna","status":"publish","type":"page","link":"http:\/\/opcina-caglin.hr\/arhiva\/energetska-obnova-zgrade-drustveni-dom-sapna\/","title":{"rendered":"Energetska obnova zgrade DRU\u0160TVENI DOM SAPNA"},"content":{"rendered":"<p><img loading=\"lazy\" class=\"aligncenter wp-image-1667\" src=\"http:\/\/opcina-caglin.hr\/arhiva\/wp-content\/uploads\/2019\/02\/Elementi_vidljivosti-300x60.jpg\" alt=\"Elementi_vidljivosti\" width=\"605\" height=\"121\" srcset=\"http:\/\/opcina-caglin.hr\/arhiva\/wp-content\/uploads\/2019\/02\/Elementi_vidljivosti-300x60.jpg 300w, http:\/\/opcina-caglin.hr\/arhiva\/wp-content\/uploads\/2019\/02\/Elementi_vidljivosti-768x154.jpg 768w, http:\/\/opcina-caglin.hr\/arhiva\/wp-content\/uploads\/2019\/02\/Elementi_vidljivosti-1024x205.jpg 1024w\" sizes=\"(max-width: 605px) 100vw, 605px\" \/><\/p>\n<p><img loading=\"lazy\" class=\"wp-image-1666 alignright\" src=\"http:\/\/opcina-caglin.hr\/arhiva\/wp-content\/uploads\/2019\/02\/logo-sapna_T2-300x201.png\" alt=\"logo-sapna_T2\" width=\"225\" height=\"151\" srcset=\"http:\/\/opcina-caglin.hr\/arhiva\/wp-content\/uploads\/2019\/02\/logo-sapna_T2-300x201.png 300w, http:\/\/opcina-caglin.hr\/arhiva\/wp-content\/uploads\/2019\/02\/logo-sapna_T2-768x514.png 768w, http:\/\/opcina-caglin.hr\/arhiva\/wp-content\/uploads\/2019\/02\/logo-sapna_T2-1024x685.png 1024w, http:\/\/opcina-caglin.hr\/arhiva\/wp-content\/uploads\/2019\/02\/logo-sapna_T2-256x173.png 256w\" sizes=\"(max-width: 225px) 100vw, 225px\" \/><\/p>\n<p><strong>NAZIV PROJEKTA:<\/strong><\/p>\n<p>Energetska obnova zgrade DRU\u0160TVENI DOM SAPNA na adresi Sapna br. 45, \u010caglin<\/p>\n<p><strong>KORISNIK:<\/strong><\/p>\n<p>Op\u0107ina \u010caglin, Kralja Tomislava 56E, \u010caglin<\/p>\n<p><strong>OPIS:<\/strong><\/p>\n<p>Cilj:<\/p>\n<p>Cilj projekta je energetska obnova vanjske ovojnice za zgradu dru\u0161tvene namjene izgra\u0111ene na k.\u010d.br. 291 k.o. Sapna, Sapna br. 45, i to postavljanjem toplinske fasade na vanjske zidove zgrade, toplinska izolacija stropa prizemlja prema negrijanom tavanu te izmjena vanjske stolarije u u\u010dinkovitiju PVC stolariju.<\/p>\n<p>Rezultati:<\/p>\n<p>Provedbom projekta o\u010dekuje se ostvarena u\u0161teda godi\u0161nje potrebne toplinske energije za grijanje (QH,nd) od 64%.<\/p>\n<p><strong>UKUPNA VRIJEDNOST PROJEKTA:<\/strong> 450.473,19 kn<\/p>\n<p><strong>IZNOS SUFINANCIRANJA EU:<\/strong> 288.884,48 kn<\/p>\n<p><strong>RAZDOBLJE PROVEDBE PROJEKTA:<\/strong> od 2. listopada 2017. do 24. rujna 2020.<\/p>\n<p><strong>KONTAKT OSOBE:<\/strong><\/p>\n<p>Dalibor Barda\u010d, op\u0107inski na\u010delnik<\/p>\n<p>info@opcina-caglin.hr\/arhiva<\/p>\n<p><strong>Projekt je sufinancirala Europska unija iz Europskog fonda za regionalni razvoj (EFRR).<\/strong><\/p>\n<p><em>Sadr\u017eaj ove stranice isklju\u010diva je odgovornost Korisnika \u2013 Op\u0107ine \u010caglin, te ne odra\u017eava stavove Europske unije.<\/em><\/p>\n<p><a href=\"http:\/\/www.strukturnifondovi.hr\">www.strukturnifondovi.hr<\/a><\/p>\n<p><a href=\"https:\/\/strukturnifondovi.hr\/eu-fondovi\/esi-fondovi-2014-2020\/op-konkurentnost-i-kohezija\/\">https:\/\/strukturnifondovi.hr\/eu-fondovi\/esi-fondovi-2014-2020\/op-konkurentnost-i-kohezija\/<\/a><\/p>\n","protected":false},"excerpt":{"rendered":"<p>NAZIV PROJEKTA: Energetska obnova zgrade DRU\u0160TVENI DOM SAPNA na adresi Sapna br. 45, \u010caglin KORISNIK: Op\u0107ina \u010caglin, Kralja Tomislava 56E, \u010caglin OPIS: Cilj: Cilj projekta je energetska obnova vanjske ovojnice za zgradu dru\u0161tvene namjene izgra\u0111ene na k.\u010d.br. 291 k.o. Sapna, Sapna br. 45, i to postavljanjem toplinske fasade na vanjske zidove zgrade, toplinska izolacija stropa [&hellip;]<\/p>\n","protected":false},"author":1,"featured_media":0,"parent":0,"menu_order":0,"comment_status":"closed","ping_status":"closed","template":"","meta":[],"_links":{"self":[{"href":"http:\/\/opcina-caglin.hr\/arhiva\/wp-json\/wp\/v2\/pages\/1665"}],"collection":[{"href":"http:\/\/opcina-caglin.hr\/arhiva\/wp-json\/wp\/v2\/pages"}],"about":[{"href":"http:\/\/opcina-caglin.hr\/arhiva\/wp-json\/wp\/v2\/types\/page"}],"author":[{"embeddable":true,"href":"http:\/\/opcina-caglin.hr\/arhiva\/wp-json\/wp\/v2\/users\/1"}],"replies":[{"embeddable":true,"href":"http:\/\/opcina-caglin.hr\/arhiva\/wp-json\/wp\/v2\/comments?post=1665"}],"version-history":[{"count":11,"href":"http:\/\/opcina-caglin.hr\/arhiva\/wp-json\/wp\/v2\/pages\/1665\/revisions"}],"predecessor-version":[{"id":1679,"href":"http:\/\/opcina-caglin.hr\/arhiva\/wp-json\/wp\/v2\/pages\/1665\/revisions\/1679"}],"wp:attachment":[{"href":"http:\/\/opcina-caglin.hr\/arhiva\/wp-json\/wp\/v2\/media?parent=1665"}],"curies":[{"name":"wp","href":"https:\/\/api.w.org\/{rel}","templated":true}]}}