{"id":117,"date":"2016-06-13T16:14:11","date_gmt":"2016-06-13T14:14:11","guid":{"rendered":"http:\/\/opcina-caglin.hr\/arhiva\/?page_id=117"},"modified":"2022-06-27T16:00:22","modified_gmt":"2022-06-27T14:00:22","slug":"kontakt","status":"publish","type":"page","link":"http:\/\/opcina-caglin.hr\/arhiva\/kontakt\/","title":{"rendered":"KONTAKT"},"content":{"rendered":"<p>&nbsp;<\/p>\n<p style=\"text-align: center;\"><span class=\"contact-street\">Kralja Tomislava 56 E<br \/>\nPo\u017ee\u0161ko-slavonska<br \/>\n34350<br \/>\nHrvatska<br \/>\n<\/span><span class=\"contact-suburb\">\u010cAGLIN<\/span><\/p>\n<p style=\"text-align: center;\"><span class=\"contact-suburb\"><br \/>\n<\/span><span class=\"jicons-icons\"><img src=\"http:\/\/opcina-caglin.hr\/arhiva\/staro1362016\/media\/contacts\/images\/emailButton.png\" alt=\"E-mail: \" \/>\u00a0&#8211;\u00a0info@opcina-caglin.hr\/arhiva<\/span><span id=\"cloak33783\"><\/span><\/p>\n<p style=\"text-align: center;\"><span class=\"jicons-icons\"><img src=\"http:\/\/opcina-caglin.hr\/arhiva\/staro1362016\/media\/contacts\/images\/con_tel.png\" alt=\"Telefon: \" \/>\u00a0&#8211;\u00a0<\/span><span class=\"contact-telephone\">034\/221-017<\/span><\/p>\n<p style=\"text-align: center;\"><span class=\"jicons-icons\"><img src=\"http:\/\/opcina-caglin.hr\/arhiva\/staro1362016\/media\/contacts\/images\/con_fax.png\" alt=\"Fax: \" \/>\u00a0&#8211;\u00a0<\/span><span class=\"contact-fax\">034\/221-127<\/span><\/p>\n<p style=\"text-align: center;\"><span class=\"contact-webpage\"><a href=\"http:\/\/www.opcina-caglin.hr\/arhiva\/\" target=\"_blank\" rel=\"noopener noreferrer\">http:\/\/www.opcina-caglin.hr\/arhiva<\/a><\/span><\/p>\n<div class=\"kontakt\"><\/div>\n<p style=\"text-align: left;\">Razne informacije:<br \/>\nSva pitanja vezana za Op\u0107inu \u010caglin mo\u017eete poslati direktno sa na\u0161e stranice, a odgovorit \u0107e Vam predstavnici Op\u0107ine \u010caglin<\/p>\n<div class=\"google\"><iframe style=\"border: 0; text-align: center;\" src=\"https:\/\/www.google.com\/maps\/embed?pb=!1m18!1m12!1m3!1d89733.89690788687!2d17.944533927526525!3d45.3450922496619!2m3!1f0!2f0!3f0!3m2!1i1024!2i768!4f13.1!3m3!1m2!1s0x475da12f89d229ed%3A0x1341e749c1848fbe!2zT3DEh2luYSDEjGFnbGlu!5e0!3m2!1shr!2shr!4v1465828106761\" width=\"700\" height=\"450\" frameborder=\"0\" allowfullscreen=\"allowfullscreen\"><\/iframe><\/div>\n","protected":false},"excerpt":{"rendered":"<p>&nbsp; Kralja Tomislava 56 E Po\u017ee\u0161ko-slavonska 34350 Hrvatska \u010cAGLIN \u00a0&#8211;\u00a0info@opcina-caglin.hr\/arhiva \u00a0&#8211;\u00a0034\/221-017 \u00a0&#8211;\u00a0034\/221-127 http:\/\/www.opcina-caglin.hr\/arhiva Razne informacije: Sva pitanja vezana za Op\u0107inu \u010caglin mo\u017eete poslati direktno sa na\u0161e stranice, a odgovorit \u0107e Vam predstavnici Op\u0107ine \u010caglin<\/p>\n","protected":false},"author":1,"featured_media":0,"parent":0,"menu_order":0,"comment_status":"closed","ping_status":"closed","template":"","meta":[],"_links":{"self":[{"href":"http:\/\/opcina-caglin.hr\/arhiva\/wp-json\/wp\/v2\/pages\/117"}],"collection":[{"href":"http:\/\/opcina-caglin.hr\/arhiva\/wp-json\/wp\/v2\/pages"}],"about":[{"href":"http:\/\/opcina-caglin.hr\/arhiva\/wp-json\/wp\/v2\/types\/page"}],"author":[{"embeddable":true,"href":"http:\/\/opcina-caglin.hr\/arhiva\/wp-json\/wp\/v2\/users\/1"}],"replies":[{"embeddable":true,"href":"http:\/\/opcina-caglin.hr\/arhiva\/wp-json\/wp\/v2\/comments?post=117"}],"version-history":[{"count":5,"href":"http:\/\/opcina-caglin.hr\/arhiva\/wp-json\/wp\/v2\/pages\/117\/revisions"}],"predecessor-version":[{"id":3476,"href":"http:\/\/opcina-caglin.hr\/arhiva\/wp-json\/wp\/v2\/pages\/117\/revisions\/3476"}],"wp:attachment":[{"href":"http:\/\/opcina-caglin.hr\/arhiva\/wp-json\/wp\/v2\/media?parent=117"}],"curies":[{"name":"wp","href":"https:\/\/api.w.org\/{rel}","templated":true}]}}