{"id":1098,"date":"2018-01-22T10:01:51","date_gmt":"2018-01-22T09:01:51","guid":{"rendered":"http:\/\/opcina-caglin.hr\/arhiva\/?page_id=1098"},"modified":"2024-02-22T10:02:28","modified_gmt":"2024-02-22T09:02:28","slug":"javna-nabava","status":"publish","type":"page","link":"http:\/\/opcina-caglin.hr\/arhiva\/javna-nabava\/","title":{"rendered":"Javna nabava"},"content":{"rendered":"<p>Odluka o pokretanju postupka jednostavne nabave projektne dokumentacije za pro\u0161irenje DV<\/p>\n<p><a href=\"http:\/\/opcina-caglin.hr\/arhiva\/wp-content\/uploads\/2023\/10\/odluka-o-pokretanju-postupka-jednostavne-nabve-prjektne-dokumentacije-za-prosirenje-DV.pdf\">Odluka o pokretanju postupka jednostavne nabave projektne dokumentacije za pro\u0161irenje DV<\/a><\/p>\n<p>Odluka o pokretanju jednostavne nabave ra\u010dunalnog sustava<\/p>\n<p><a href=\"http:\/\/opcina-caglin.hr\/arhiva\/wp-content\/uploads\/2023\/10\/odluka-o-pokretanju-jednostavne-nabve-racunalnog-sustava.pdf\">Odluka o pokretanju jednostavne nabave ra\u010dunalnog sustava<\/a><\/p>\n<p>Tre\u0107e izmjene plana nabave roba, radova i usluga za 2023. godinu<\/p>\n<p><a href=\"http:\/\/opcina-caglin.hr\/arhiva\/wp-content\/uploads\/2023\/10\/TRECE-IZMJENE-PLANA-NABAVE-2023.doc\">Tre\u0107e izmjene plana nabave roba, radova i usluga za 2023. godinu<\/a><\/p>\n<p>Druge izmjene plana nabave 2023. godinu<\/p>\n<p><a href=\"http:\/\/opcina-caglin.hr\/arhiva\/wp-content\/uploads\/2023\/09\/DRUGE-IZMJENE-PLANA-NABAVE-2023.doc\">Druge izmjene plana nabave 2023. godinu<\/a><\/p>\n<p>Prve izmjene plana nabave roba,\u00a0 radova i usluga za 2023. godinu<\/p>\n<p><a href=\"http:\/\/opcina-caglin.hr\/arhiva\/wp-content\/uploads\/2023\/04\/PRVE-IZMJENE-PLANA-NABAVE-2023.doc\">Prve izmjene plana nabave roba,\u00a0 radova i usluga za 2023. godinu<\/a><\/p>\n<p>Plan nabave roba, radova i usluga za 2023. godinu<\/p>\n<p><a href=\"http:\/\/opcina-caglin.hr\/arhiva\/wp-content\/uploads\/2023\/01\/PLANA-NABAVE-2023..doc\">Plan nabave roba, radova i usluga za 2023. godinu<\/a><\/p>\n<p>\u010cetvrte izmjene i dopune plana nabave roba, radova i usluga za 2022. godinu<\/p>\n<p><a href=\"http:\/\/opcina-caglin.hr\/arhiva\/wp-content\/uploads\/2023\/01\/Plan-javne-nabave-za-caglin-2022-IV-izmjene.doc\">\u010cetvrte izmjene i dopune plana nabave roba, radova i usluga za 2022<\/a><\/p>\n<p>Tre\u0107e izmjene Plana nabave roba, radova i usluga za 2022. godinu<\/p>\n<p><a href=\"http:\/\/opcina-caglin.hr\/arhiva\/wp-content\/uploads\/2022\/11\/TRECE-IZMJENE-PLAN-NABAVE-2022.rtf\">Tre\u0107e izmjene Plana nabave roba, radova i usluga za 2022.<\/a><\/p>\n<p>Druge izmjene Plana nabave roba, radova i usluga za 2022. godinu<\/p>\n<p>Pravilnik jednostavne nabave 2022. novi &#8211; Op\u0107ina \u010caglin<br \/>\n<a href=\"http:\/\/opcina-caglin.hr\/arhiva\/wp-content\/uploads\/2023\/02\/PRAVILNIK-JEDNOSTAVNE-NABAVE-2022.-NOVI-OPCINA-CAGLIN.docx\">Pravilnik jednostavne nabave 2022. novi &#8211; Op\u0107ina \u010caglin<\/a><\/p>\n<p><a href=\"http:\/\/opcina-caglin.hr\/arhiva\/wp-content\/uploads\/2022\/05\/DRUGE-IZMJENE-PLAN-NABAVE-2021-za-objavu-U-EOJN-1.rtf\">Druge izmjene plan nabave 2021. godinu<\/a><\/p>\n<p>Prve izmjene Plan nabave robe, radova i usluga za 2021. godinu.<br \/>\n<a href=\"http:\/\/opcina-caglin.hr\/arhiva\/wp-content\/uploads\/2022\/02\/PRVE-IZMJENE-PLAN-NABAVE-2022.rtf\">Prve izmjene Plan nabave robe, radova i usluga za 2021. godinu.<\/a><\/p>\n<p>Pravilnik o provedbi postupka jednostavne nabave<br \/>\n<a href=\"http:\/\/opcina-caglin.hr\/arhiva\/wp-content\/uploads\/2021\/10\/PRAVILNIK-O-PROVEDBI-POSTUPKA-JEDNOSTAVNE-NABAVE-_20211012_0001.pdf\">Pravilnik o provedbi postupka jednostavne nabave<\/a><\/p>\n<p>Plan nabave roba, radova i usluga za 2022. godinu<br \/>\n<a href=\"http:\/\/opcina-caglin.hr\/arhiva\/wp-content\/uploads\/2022\/01\/PLAN-NABAVE-2022.rtf\">Plan nabave roba, radova i usluga za 2022. godinu<\/a><\/p>\n<p>Prve izmjene plana nabave roba, radova i usluga u 2021. godini<br \/>\n<a href=\"http:\/\/opcina-caglin.hr\/arhiva\/wp-content\/uploads\/2021\/03\/PRVE-IZMJENE-PLAN-NABAVE-2021-za-objavu-NOVO.rtf\">Prve izmjene plana nabave roba, radova i usluga u 2021. godini<\/a><\/p>\n<p><a href=\"http:\/\/opcina-caglin.hr\/arhiva\/wp-content\/uploads\/2024\/02\/SKM_C257i24022208420.pdf\">Obavijest o nepostojanju gospodarskih subjekata kojim je Op\u0107ina \u010caglin u sukobu interesa<\/a><\/p>\n<p>Plan nabave roba, radova i usluga za 2021.<br \/>\n<a href=\"http:\/\/opcina-caglin.hr\/arhiva\/wp-content\/uploads\/2021\/01\/PLAN-NABAVE-2021-za-objavu-NOVO.rtf\">PLAN NABAVE<\/a><\/p>\n<p>Tre\u0107e izmjene Plana nabave roba, radova i usluga za 2020. godinu.<br \/>\n<a href=\"http:\/\/opcina-caglin.hr\/arhiva\/wp-content\/uploads\/2020\/12\/TRECE-IZMJENE-PLANA-NABAVE-2020.rtf\">TRE\u0106E IZMJENE PLANA NABAVE ZA 2020. GODINU<\/a><\/p>\n<p>&nbsp;<\/p>\n<p>Druge izmjene plana nabave roba, radova i usluga za 2020.<br \/>\n<a href=\"http:\/\/opcina-caglin.hr\/arhiva\/wp-content\/uploads\/2020\/07\/DRUGE-IZMJENE-PLANA-NABAVE-ROBA-RADOVA-I-USLUGA-ZA-2020._20200720_0001.pdf\" class=\"pdfemb-viewer\" style=\"\" data-width=\"max\" data-height=\"max\"  data-toolbar=\"bottom\" data-toolbar-fixed=\"off\">DRUGE IZMJENE PLANA NABAVE ROBA, RADOVA I USLUGA ZA 2020._20200720_0001<br\/><\/a><\/p>\n<p>&nbsp;<\/p>\n<p>Prve izmjene plana nabave 2020<br \/>\n<a href=\"http:\/\/opcina-caglin.hr\/arhiva\/wp-content\/uploads\/2020\/03\/PRVE-IZMJENE-PLANA-NABAVE-2020.rtf\">PRVE IZMJENE PLANA NABAVE 2020<\/a><\/p>\n<p>Plan nabave roba, radova i usluga za 2020. godinu<br \/>\n<a href=\"http:\/\/opcina-caglin.hr\/arhiva\/wp-content\/uploads\/2020\/01\/PLAN-NABAVE-2020-za-objavu-NOVO.rtf\">PLAN NABAVE-2020<\/a><\/p>\n<p>Pete izmjene i dopune plana nabave 2019<br \/>\n<a href=\"http:\/\/opcina-caglin.hr\/arhiva\/wp-content\/uploads\/2019\/11\/PETE-IZMJENE-I-DOPUNE-PLANA-NABAVE-2019-za-objavu-NOVO.rtf\">PETE IZMJENE I DOPUNE PLANA NABAVE-2019<\/a><\/p>\n<p>\u010cetvrte izmjene i dopune Plana nabave roba, radova i usluga za 2019. godinu<br \/>\n<a href=\"http:\/\/opcina-caglin.hr\/arhiva\/wp-content\/uploads\/2019\/10\/\u010cETVRTE-IZMJENE-I-DOPUNE-PLANA-NABAVE-2019-za-objavu-NOVO.rtf\">\u010cETVRTE IZMJENE I DOPUNE PLANA NABAVE-2019-za-objavu-NOVO<\/a><\/p>\n<p>Tre\u0107e izmjene i dopune plana nabave 2019<br \/>\n<a href=\"http:\/\/opcina-caglin.hr\/arhiva\/wp-content\/uploads\/2019\/07\/TRE\u0106E-IZMJENE-I-DOPUNE-PLANA-NABAVE-2019-za-objavu-NOVO.rtf\">TRE\u0106E IZMJENE I DOPUNE PLANA NABAVE-2019-za-objavu-NOVO<\/a><\/p>\n<p>Druge izmjene i dopune plana nabave 2019<br \/>\n<a href=\"http:\/\/opcina-caglin.hr\/arhiva\/wp-content\/uploads\/2019\/01\/DRUGE-IZMJENE-I-DOPUNE-PLANA-NABAVE-2019-za-objavu-NOVO.rtf\">DRUGE IZMJENE I DOPUNE PLANA NABAVE 2019<\/a><\/p>\n<p>Prve izmjene i dopune plana nabave<br \/>\n<a href=\"http:\/\/opcina-caglin.hr\/arhiva\/wp-content\/uploads\/2019\/04\/PRVE-IZMJENE-I-DOPUNE-PLANA-NABAVE-2019-za-objavu-NOVO.rtf\">PRVE IZMJENE I DOPUNE PLANA NABAVE-2019<\/a><\/p>\n<p>Plan nabave 2019<br \/>\n<a href=\"http:\/\/opcina-caglin.hr\/arhiva\/wp-content\/uploads\/2019\/01\/PLANA-NABAVE-2019-za-objavu.rtf\">PLANA NABAVE-2019<\/a><br \/>\n<a href=\"http:\/\/opcina-caglin.hr\/arhiva\/wp-content\/uploads\/2019\/01\/DRUGE-IZMJENE-I-DOPUNE-PLANA-NABAVE-2019-za-objavu-NOVO.rtf\">DRUGE IZMJENE I DOPUNE PLANA NABAVE 2019<\/a><br \/>\n<a href=\"http:\/\/opcina-caglin.hr\/arhiva\/wp-content\/uploads\/2019\/01\/TRE\u0106E-IZMJENE-I-DOPUNE-PLANA-NABAVE-2019-za-objavu-NOVO.rtf\">TRE\u0106E IZMJENE I DOPUNE PLANA NABAVE 2019<\/a><\/p>\n<p>Druge izmjene i dopune plana nabave<br \/>\n<a href=\"http:\/\/opcina-caglin.hr\/arhiva\/wp-content\/uploads\/2018\/12\/DRUGE-IZMJENE-I-DOPUNE-PLANA-NABAVE-2018-za-objavu-NOVO.rtf\">DRUGE IZMJENE I DOPUNE PLANA NABAVE-2018<\/a><\/p>\n<p>Prve izmjene i dopune Plana nabave roba, radova i usluga za 2018. godinu<br \/>\n<a href=\"http:\/\/opcina-caglin.hr\/arhiva\/wp-content\/uploads\/2018\/06\/PRVE-IZMJENE-I-DOPUNE-PLANA-NABAVE-2018-za-objavu.rtf\">PRVE IZMJENE I DOPUNE PLANA NABAVE-2018<\/a><\/p>\n<p>Postupak javne nabave za modernizaciju NC<\/p>\n<p>Op\u0107ina \u010caglin pokrenula je postupak javne nabave za predmet nabave:<\/p>\n<div>Ulaganje u gra\u0111enje nerazvrstanih cesta, Kolodvorska ulica, Ev. broj: 2018\/05.<\/div>\n<div>Sva potrebna dokumentacija objavljena je na EOJN, a zbog veli\u010dine dokumenta na na\u0161oj web stranici objavljujemo samo Glavni projekt.<\/div>\n<div><\/div>\n<div>Link:<\/div>\n<div>Glavni projekt: <a href=\"http:\/\/opcina-caglin.hr\/arhiva\/docs\/Glavniprojekt-potpisan.pdf\">Kolodvorska ulica \u010caglin.pdf (104MB)<\/a><\/div>\n<p>Plan nabave za 2018. godinu<br \/>\n<a href=\"http:\/\/opcina-caglin.hr\/arhiva\/wp-content\/uploads\/2018\/01\/PLAN-NABAVE-2018-za-objavu.rtf\">PLAN NABAVE 2018<\/a><\/p>\n<p>Plan nabave za 2017. godinu<br \/>\n<a href=\"http:\/\/opcina-caglin.hr\/arhiva\/wp-content\/uploads\/2018\/01\/PLAN-NABAVE-III-REBALANS-2017.rtf\">PLAN NABAVE -III REBALANS 2017<\/a><\/p>\n<p>Pravilnik javne nabave \u010caglin<br \/>\n<a href=\"http:\/\/opcina-caglin.hr\/arhiva\/wp-content\/uploads\/2017\/03\/PRAVILNIK-JAVNE-NABAVE-\u010cAGLIN-JEDNOSTAVNE-2017.-va\u017ee\u0107i.doc\">PRAVILNIK JAVNE NABAVE \u010cAGLIN -JEDNOSTAVNE 2017<\/a><\/p>\n<p>Plan nabave roba, radova i usluga za 2017. godinu.<br \/>\n<a href=\"http:\/\/opcina-caglin.hr\/arhiva\/wp-content\/uploads\/2017\/02\/PLAN-JAVNE-NABAVE-2017-DETALJNO.rtf\">PLAN JAVNE NABAVE 2017<\/a><\/p>\n<p>Plan nabave za 2016<br \/>\n<a href=\"http:\/\/opcina-caglin.hr\/arhiva\/wp-content\/uploads\/2016\/09\/PLAN-NABAVE-ZA-2016.doc\">PLAN NABAVE ZA 2016<\/a><\/p>\n<p><a href=\"http:\/\/opcina-caglin.hr\/arhiva\/wp-content\/uploads\/2016\/09\/JAVNA-NABAVA-2015.doc\">JAVNA NABAVA 2015<\/a><\/p>\n<p>Plan nabave za 2015. Godinu<br \/>\n<a href=\"http:\/\/opcina-caglin.hr\/arhiva\/wp-content\/uploads\/2016\/06\/JAVNANABAVA_2015.pdf\" target=\"_blank\" rel=\"noopener noreferrer\">JAVNA NABAVA 2015<\/a><\/p>\n<p><a href=\"http:\/\/opcina-caglin.hr\/arhiva\/wp-content\/uploads\/2016\/06\/PLANNABAVEZA2015.pdf\" target=\"_blank\" rel=\"noopener noreferrer\">PLAN NABAVE ZA 2015<\/a><\/p>\n","protected":false},"excerpt":{"rendered":"<p>Odluka o pokretanju postupka jednostavne nabave projektne dokumentacije za pro\u0161irenje DV Odluka o pokretanju postupka jednostavne nabave projektne dokumentacije za pro\u0161irenje DV Odluka o pokretanju jednostavne nabave ra\u010dunalnog sustava Odluka o pokretanju jednostavne nabave ra\u010dunalnog sustava Tre\u0107e izmjene plana nabave roba, radova i usluga za 2023. godinu Tre\u0107e izmjene plana nabave roba, radova i usluga [&hellip;]<\/p>\n","protected":false},"author":1,"featured_media":0,"parent":0,"menu_order":0,"comment_status":"closed","ping_status":"closed","template":"","meta":[],"_links":{"self":[{"href":"http:\/\/opcina-caglin.hr\/arhiva\/wp-json\/wp\/v2\/pages\/1098"}],"collection":[{"href":"http:\/\/opcina-caglin.hr\/arhiva\/wp-json\/wp\/v2\/pages"}],"about":[{"href":"http:\/\/opcina-caglin.hr\/arhiva\/wp-json\/wp\/v2\/types\/page"}],"author":[{"embeddable":true,"href":"http:\/\/opcina-caglin.hr\/arhiva\/wp-json\/wp\/v2\/users\/1"}],"replies":[{"embeddable":true,"href":"http:\/\/opcina-caglin.hr\/arhiva\/wp-json\/wp\/v2\/comments?post=1098"}],"version-history":[{"count":6,"href":"http:\/\/opcina-caglin.hr\/arhiva\/wp-json\/wp\/v2\/pages\/1098\/revisions"}],"predecessor-version":[{"id":4210,"href":"http:\/\/opcina-caglin.hr\/arhiva\/wp-json\/wp\/v2\/pages\/1098\/revisions\/4210"}],"wp:attachment":[{"href":"http:\/\/opcina-caglin.hr\/arhiva\/wp-json\/wp\/v2\/media?parent=1098"}],"curies":[{"name":"wp","href":"https:\/\/api.w.org\/{rel}","templated":true}]}}