{"id":1056,"date":"2018-01-17T09:46:01","date_gmt":"2018-01-17T08:46:01","guid":{"rendered":"http:\/\/opcina-caglin.hr\/arhiva\/?page_id=1056"},"modified":"2018-01-22T09:32:00","modified_gmt":"2018-01-22T08:32:00","slug":"nacelnik","status":"publish","type":"page","link":"http:\/\/opcina-caglin.hr\/arhiva\/nacelnik\/","title":{"rendered":"Na\u010delnik"},"content":{"rendered":"<p style=\"text-align: center;\"><strong>Op\u0107inski na\u010delnik:<\/strong><\/p>\n<p style=\"text-align: center;\">Dalibor Barda\u010d- tel: 099\/221 0170<\/p>\n","protected":false},"excerpt":{"rendered":"<p>Op\u0107inski na\u010delnik: Dalibor Barda\u010d- tel: 099\/221 0170<\/p>\n","protected":false},"author":1,"featured_media":0,"parent":0,"menu_order":0,"comment_status":"closed","ping_status":"closed","template":"","meta":[],"_links":{"self":[{"href":"http:\/\/opcina-caglin.hr\/arhiva\/wp-json\/wp\/v2\/pages\/1056"}],"collection":[{"href":"http:\/\/opcina-caglin.hr\/arhiva\/wp-json\/wp\/v2\/pages"}],"about":[{"href":"http:\/\/opcina-caglin.hr\/arhiva\/wp-json\/wp\/v2\/types\/page"}],"author":[{"embeddable":true,"href":"http:\/\/opcina-caglin.hr\/arhiva\/wp-json\/wp\/v2\/users\/1"}],"replies":[{"embeddable":true,"href":"http:\/\/opcina-caglin.hr\/arhiva\/wp-json\/wp\/v2\/comments?post=1056"}],"version-history":[{"count":2,"href":"http:\/\/opcina-caglin.hr\/arhiva\/wp-json\/wp\/v2\/pages\/1056\/revisions"}],"predecessor-version":[{"id":1086,"href":"http:\/\/opcina-caglin.hr\/arhiva\/wp-json\/wp\/v2\/pages\/1056\/revisions\/1086"}],"wp:attachment":[{"href":"http:\/\/opcina-caglin.hr\/arhiva\/wp-json\/wp\/v2\/media?parent=1056"}],"curies":[{"name":"wp","href":"https:\/\/api.w.org\/{rel}","templated":true}]}}